{"id":99,"date":"2024-02-05T18:09:16","date_gmt":"2024-02-05T15:09:16","guid":{"rendered":"https:\/\/bilirelektronik.com\/?page_id=99"},"modified":"2024-02-05T18:12:11","modified_gmt":"2024-02-05T15:12:11","slug":"servis","status":"publish","type":"page","link":"https:\/\/bilirelektronik.com\/index.php\/servis\/","title":{"rendered":"Servis"},"content":{"rendered":"\n<div class=\"wp-block-cover alignfull\" style=\"min-height:261px;aspect-ratio:unset;\"><span aria-hidden=\"true\" class=\"wp-block-cover__background has-background-dim\"><\/span><img loading=\"lazy\" decoding=\"async\" width=\"2560\" height=\"1706\" class=\"wp-block-cover__image-background wp-image-58\" alt=\"\" src=\"https:\/\/bilirelektronik.com\/wp-content\/uploads\/2024\/02\/pexels-cottonbro-studio-4709369-1-scaled.jpg\" data-object-fit=\"cover\" srcset=\"https:\/\/bilirelektronik.com\/wp-content\/uploads\/2024\/02\/pexels-cottonbro-studio-4709369-1-scaled.jpg 2560w, https:\/\/bilirelektronik.com\/wp-content\/uploads\/2024\/02\/pexels-cottonbro-studio-4709369-1-300x200.jpg 300w, https:\/\/bilirelektronik.com\/wp-content\/uploads\/2024\/02\/pexels-cottonbro-studio-4709369-1-1024x683.jpg 1024w, https:\/\/bilirelektronik.com\/wp-content\/uploads\/2024\/02\/pexels-cottonbro-studio-4709369-1-768x512.jpg 768w, https:\/\/bilirelektronik.com\/wp-content\/uploads\/2024\/02\/pexels-cottonbro-studio-4709369-1-1536x1024.jpg 1536w, https:\/\/bilirelektronik.com\/wp-content\/uploads\/2024\/02\/pexels-cottonbro-studio-4709369-1-2048x1365.jpg 2048w\" sizes=\"auto, (max-width: 2560px) 100vw, 2560px\" \/><div class=\"wp-block-cover__inner-container is-layout-constrained wp-block-cover-is-layout-constrained\">\n<p class=\"has-text-align-center has-x-large-font-size\" style=\"margin-top:0;margin-right:0;margin-bottom:0;margin-left:0;padding-top:0;padding-right:0;padding-bottom:0;padding-left:0\">SERV\u0130S<\/p>\n<\/div><\/div>\n\n\n\n<hr class=\"wp-block-separator has-alpha-channel-opacity\"\/>\n\n\n\n<div class=\"wp-block-group is-layout-flow wp-block-group-is-layout-flow\">\n<h4 class=\"wp-block-heading\">Onar\u0131m Laboratuar\u0131m\u0131z<\/h4>\n\n\n\n<p>OSEL teknik servisinde end\u00fcstriyel elektronik kartlar\u0131 komponent baz\u0131nda test edebilecek,progamlayabilecek, test cihazlar\u0131 ile adapt\u00f6rlerlerine ve son teknoloji teknik donan\u0131ma sahiptir. \u00c7al\u0131\u015fanlar\u0131 herbiri 10 y\u0131l\u0131 a\u015fm\u0131\u015f tecr\u00fcbesiyle konular\u0131nda uzmand\u0131r.<\/p>\n\n\n\n<h4 class=\"wp-block-heading\">Ar\u0131za Bulma ve Giderme<\/h4>\n\n\n\n<p>K\u0131sa devre bulma, Devre \u00fczerinde veya d\u0131\u015f\u0131nda voltaj,ba\u011flant\u0131, \u0131s\u0131, ve d\u00f6ng\u00fcsel testler. Analog ve Dijital Smd, DIP, PLCC, SOIC vb.. her tip entegre devrenin testi , elektronik kart\u0131n b\u00fct\u00fcn karakteristik yap\u0131s\u0131yla haf\u0131zaya al\u0131nmas\u0131 ve gerekti\u011finde kar\u015f\u0131la\u015ft\u0131r\u0131labilmesi, bilinmeyen entegrelerin ve transistor, fet vb. malzemelerin tespit edilebilmesi i\u015flemleri yap\u0131lmaktad\u0131r.<\/p>\n\n\n\n<h4 class=\"wp-block-heading\">SERV\u0130S\u0130M\u0130ZE GELEN C\u0130HAZLAR \u0130\u00c7\u0130N;<\/h4>\n\n\n\n<p>Elektronik kart ve cihazlarda yap\u0131lan incelemelerde ilk etapta \u00fccretsiz olarak \u00f6n ar\u0131za tespiti yap\u0131lmakta, onar\u0131m ve kullan\u0131lacak malzeme \u00fccretleri belirlenerek yaz\u0131l\u0131 olarak bildirilmekte ve onay\u0131n\u0131zla birlikte onar\u0131m ger\u00e7ekle\u015ftirilmektedir.<br><\/p>\n\n\n\n<figure class=\"wp-block-image size-full\"><img loading=\"lazy\" decoding=\"async\" width=\"600\" height=\"150\" src=\"https:\/\/bilirelektronik.com\/wp-content\/uploads\/2024\/02\/5122017221923.png\" alt=\"\" class=\"wp-image-104\" srcset=\"https:\/\/bilirelektronik.com\/wp-content\/uploads\/2024\/02\/5122017221923.png 600w, https:\/\/bilirelektronik.com\/wp-content\/uploads\/2024\/02\/5122017221923-300x75.png 300w\" sizes=\"auto, (max-width: 600px) 100vw, 600px\" \/><\/figure>\n\n\n\n<p><br>Elektronik kart ve cihazlarda yap\u0131lan incelemelerde ilk etapta \u00fccretsiz olarak \u00f6n ar\u0131za tespiti yap\u0131lmakta, onar\u0131m ve kullan\u0131lacak malzeme \u00fccretleri belirlenerek yaz\u0131l\u0131 olarak bildirilmekte ve onay\u0131n\u0131zla birlikte onar\u0131m ger\u00e7ekle\u015ftirilmektedir.<\/p>\n\n\n\n<h4 class=\"wp-block-heading\">Garanti S\u00fcresi<\/h4>\n\n\n\n<p>Onar\u0131mlardaki garanti s\u00fcresi cihaz tipine ve model y\u0131l\u0131na ba\u011fl\u0131 olarak 3 ay ile 1 y\u0131l aras\u0131nda de\u011fi\u015fmektedir.<\/p>\n\n\n\n<h4 class=\"wp-block-heading\">Programlama<\/h4>\n\n\n\n<p>Kullanmakta oldu\u011fumuz 3 adet de\u011fi\u015fik marka programlay\u0131c\u0131larla programlayabildi\u011fimiz malzeme say\u0131s\u0131 ve kulland\u0131\u011f\u0131m\u0131z adapt\u00f6rleri ile elektronik kartlardaki b\u00fct\u00fcn programlama i\u015flemlerini kolayl\u0131kla yapabilmekteyiz.<br>PCMCIA Sram ve COMPACTFLASH kartlar\u0131nda bulunan i\u015fletim sistemleri ile benzeri \u00f6zel yaz\u0131l\u0131mlar\u0131n kopyalanmas\u0131 ve yedeklenmesi ile ilgili teknik donan\u0131m teknik servisimizde mevcuttur. B\u00fct\u00fcn Formatlarda ve b\u00fct\u00fcn kapasitelerdeki kartlar\u0131n kopyalanmas\u0131 ve yedeklenmesi yap\u0131labilmektedir.<br><br>EPROM, PAL, GAL, PIC, MCU, Microcontroller<br>Klonlama, \u015fifre k\u0131rma, unlock, i\u015flemleri yap\u0131labilmektedir.<br>Okuma, yazma, kilitleme, kilit kald\u0131rma.<br><br>&#8211; PAL 16xx 18xx 20xx<br>&#8211; GAL 16xx 18xx 20xx<br>&#8211; PIC 12xx 15xx 16xx 18xx 20xx<br>&#8211; AVR 90xx ATMega ATTiny<br>&#8211; DS 12xx 13xx 14xx<br>&#8211; CPLD 95XX<br><br>&#8211; All Virtex\u2122 FPGA families<br>&#8211; All Spartan\u2122 FPGA families<br>&#8211; XC9500 \/ XC9500XL \/ XC9500XVCPLDs<br>&#8211; CoolRunner\u2122 XPLA3 \/ CoolRunner-IICPLDs<br>&#8211; XC18V00 ISP PROMs<br>&#8211; XCF00S \/ XCF00P Platform FlashPROMs<br>&#8211; XC4000 series FPGAs<br>&#8211; Programs serial peripheral interface (SPI) flash PROMs<\/p>\n\n\n\n<h4 class=\"wp-block-heading\">\u00d6zel devreler i\u00e7in \u00f6zel i\u015flemler ;<\/h4>\n\n\n\n<p>Kullanmakta oldu\u011fumuz \u00f6zel kimyasallar ile b\u00fct\u00fcn tip \u00f6zel trafolar\u0131n ayn\u0131s\u0131 yap\u0131labilmekte, \u00f6zel HYBRID devrelerin onar\u0131mlar\u0131 yap\u0131labilmektedir.<br><br>\u00d6zel olarak \u00fcretilmi\u015f ve bulunamayan bir\u00e7ok entegre ve transist\u00f6r temin edilebilmektedir.<\/p>\n<\/div>\n","protected":false},"excerpt":{"rendered":"<p>Onar\u0131m Laboratuar\u0131m\u0131z OSEL teknik servisinde end\u00fcstriyel elektronik kartlar\u0131 komponent baz\u0131nda test edebilecek,progamlayabilecek, test cihazlar\u0131 ile adapt\u00f6rlerlerine ve son teknoloji teknik [&hellip;]<\/p>\n","protected":false},"author":1,"featured_media":0,"parent":0,"menu_order":0,"comment_status":"closed","ping_status":"closed","template":"","meta":{"site-sidebar-layout":"default","site-content-layout":"","ast-site-content-layout":"default","site-content-style":"default","site-sidebar-style":"default","ast-global-header-display":"","ast-banner-title-visibility":"","ast-main-header-display":"","ast-hfb-above-header-display":"","ast-hfb-below-header-display":"","ast-hfb-mobile-header-display":"","site-post-title":"disabled","ast-breadcrumbs-content":"","ast-featured-img":"","footer-sml-layout":"","ast-disable-related-posts":"","theme-transparent-header-meta":"","adv-header-id-meta":"","stick-header-meta":"","header-above-stick-meta":"","header-main-stick-meta":"","header-below-stick-meta":"","astra-migrate-meta-layouts":"default","ast-page-background-enabled":"default","ast-page-background-meta":{"desktop":{"background-color":"var(--ast-global-color-4)","background-image":"","background-repeat":"repeat","background-position":"center center","background-size":"auto","background-attachment":"scroll","background-type":"","background-media":"","overlay-type":"","overlay-color":"","overlay-opacity":"","overlay-gradient":""},"tablet":{"background-color":"","background-image":"","background-repeat":"repeat","background-position":"center center","background-size":"auto","background-attachment":"scroll","background-type":"","background-media":"","overlay-type":"","overlay-color":"","overlay-opacity":"","overlay-gradient":""},"mobile":{"background-color":"","background-image":"","background-repeat":"repeat","background-position":"center center","background-size":"auto","background-attachment":"scroll","background-type":"","background-media":"","overlay-type":"","overlay-color":"","overlay-opacity":"","overlay-gradient":""}},"ast-content-background-meta":{"desktop":{"background-color":"var(--ast-global-color-5)","background-image":"","background-repeat":"repeat","background-position":"center center","background-size":"auto","background-attachment":"scroll","background-type":"","background-media":"","overlay-type":"","overlay-color":"","overlay-opacity":"","overlay-gradient":""},"tablet":{"background-color":"var(--ast-global-color-5)","background-image":"","background-repeat":"repeat","background-position":"center center","background-size":"auto","background-attachment":"scroll","background-type":"","background-media":"","overlay-type":"","overlay-color":"","overlay-opacity":"","overlay-gradient":""},"mobile":{"background-color":"var(--ast-global-color-5)","background-image":"","background-repeat":"repeat","background-position":"center center","background-size":"auto","background-attachment":"scroll","background-type":"","background-media":"","overlay-type":"","overlay-color":"","overlay-opacity":"","overlay-gradient":""}},"footnotes":""},"class_list":["post-99","page","type-page","status-publish","hentry"],"_links":{"self":[{"href":"https:\/\/bilirelektronik.com\/index.php\/wp-json\/wp\/v2\/pages\/99","targetHints":{"allow":["GET"]}}],"collection":[{"href":"https:\/\/bilirelektronik.com\/index.php\/wp-json\/wp\/v2\/pages"}],"about":[{"href":"https:\/\/bilirelektronik.com\/index.php\/wp-json\/wp\/v2\/types\/page"}],"author":[{"embeddable":true,"href":"https:\/\/bilirelektronik.com\/index.php\/wp-json\/wp\/v2\/users\/1"}],"replies":[{"embeddable":true,"href":"https:\/\/bilirelektronik.com\/index.php\/wp-json\/wp\/v2\/comments?post=99"}],"version-history":[{"count":3,"href":"https:\/\/bilirelektronik.com\/index.php\/wp-json\/wp\/v2\/pages\/99\/revisions"}],"predecessor-version":[{"id":107,"href":"https:\/\/bilirelektronik.com\/index.php\/wp-json\/wp\/v2\/pages\/99\/revisions\/107"}],"wp:attachment":[{"href":"https:\/\/bilirelektronik.com\/index.php\/wp-json\/wp\/v2\/media?parent=99"}],"curies":[{"name":"wp","href":"https:\/\/api.w.org\/{rel}","templated":true}]}}