{"id":73,"date":"2024-02-05T17:49:50","date_gmt":"2024-02-05T14:49:50","guid":{"rendered":"https:\/\/bilirelektronik.com\/?page_id=73"},"modified":"2024-02-06T13:44:43","modified_gmt":"2024-02-06T10:44:43","slug":"bakim-ve-onarim","status":"publish","type":"page","link":"https:\/\/bilirelektronik.com\/index.php\/bakim-ve-onarim\/","title":{"rendered":"Bak\u0131m ve Onar\u0131m"},"content":{"rendered":"\n<div class=\"wp-block-cover alignfull\" style=\"min-height:261px;aspect-ratio:unset;\"><span aria-hidden=\"true\" class=\"wp-block-cover__background has-background-dim\"><\/span><img loading=\"lazy\" decoding=\"async\" width=\"2560\" height=\"1706\" class=\"wp-block-cover__image-background wp-image-58\" alt=\"\" src=\"https:\/\/bilirelektronik.com\/wp-content\/uploads\/2024\/02\/pexels-cottonbro-studio-4709369-1-scaled.jpg\" style=\"object-position:45% 0%\" data-object-fit=\"cover\" data-object-position=\"45% 0%\" srcset=\"https:\/\/bilirelektronik.com\/wp-content\/uploads\/2024\/02\/pexels-cottonbro-studio-4709369-1-scaled.jpg 2560w, https:\/\/bilirelektronik.com\/wp-content\/uploads\/2024\/02\/pexels-cottonbro-studio-4709369-1-300x200.jpg 300w, https:\/\/bilirelektronik.com\/wp-content\/uploads\/2024\/02\/pexels-cottonbro-studio-4709369-1-1024x683.jpg 1024w, https:\/\/bilirelektronik.com\/wp-content\/uploads\/2024\/02\/pexels-cottonbro-studio-4709369-1-768x512.jpg 768w, https:\/\/bilirelektronik.com\/wp-content\/uploads\/2024\/02\/pexels-cottonbro-studio-4709369-1-1536x1024.jpg 1536w, https:\/\/bilirelektronik.com\/wp-content\/uploads\/2024\/02\/pexels-cottonbro-studio-4709369-1-2048x1365.jpg 2048w\" sizes=\"auto, (max-width: 2560px) 100vw, 2560px\" \/><div class=\"wp-block-cover__inner-container is-layout-constrained wp-block-cover-is-layout-constrained\">\n<p class=\"has-text-align-center has-x-large-font-size\" style=\"margin-top:0;margin-right:0;margin-bottom:0;margin-left:0;padding-top:0;padding-right:0;padding-bottom:0;padding-left:0;line-height:1.6\">BAKIM VE ONARIM<\/p>\n<\/div><\/div>\n\n\n\n<hr class=\"wp-block-separator has-alpha-channel-opacity\"\/>\n\n\n\n<p>Onard\u0131\u011f\u0131m\u0131z Baz\u0131 Markalar ;<\/p>\n\n\n\n<div class=\"wp-block-group is-layout-flow wp-block-group-is-layout-flow\">\n<figure class=\"wp-block-table\"><table><tbody><tr><td>Allen Breadley<\/td><td>Kuhnke<\/td><td>Rockwell Automation<\/td><\/tr><tr><td>Amano<\/td><td>Kumatronik<\/td><td>Ropex<\/td><\/tr><tr><td>AMK<\/td><td>Lenze<\/td><td>Roweld Rofuse<\/td><\/tr><tr><td>Awea<\/td><td>Loepfe<\/td><td>Savio<\/td><\/tr><tr><td>Baum\u00fcller<\/td><td>Loptex<\/td><td>Schlafhorst<\/td><\/tr><tr><td>Bosch<\/td><td>Luwa<\/td><td>SCHMIDT<\/td><\/tr><tr><td>Casadei<\/td><td>M4COM<\/td><td>Seidel<\/td><\/tr><tr><td>Comnlett<\/td><td>Marzoli Vouk<\/td><td>Shinko<\/td><\/tr><tr><td>Corolab<\/td><td>Matsuura<\/td><td>Siemens<\/td><\/tr><tr><td>Daewon<\/td><td>Mazak<\/td><td>Sodick<\/td><\/tr><tr><td>Danfoss<\/td><td>Micro1 PLC&nbsp;<\/td><td>Suessen<\/td><\/tr><tr><td>Edgecam<\/td><td>Mitsubishi<\/td><td>Takisawa<\/td><\/tr><tr><td>Elcontrol<\/td><td>Monforts<\/td><td>Tega<\/td><\/tr><tr><td>Electrocraft<\/td><td>Muratec<\/td><td>Telemecanique<\/td><\/tr><tr><td>Elektrof\u00fczyon Kaynak<\/td><td>Novotron<\/td><td>Traco Power<\/td><\/tr><tr><td>Elsy<\/td><td>Nuova Vamatex<\/td><td>Tr\u00fctzschler<\/td><\/tr><tr><td>Eltex<\/td><td>Omron<\/td><td>Uster<\/td><\/tr><tr><td>Faulhaber<\/td><td>Orion<\/td><td>Vamatex<\/td><\/tr><tr><td>Friamat<\/td><td>Peyer<\/td><td>Vectron<\/td><\/tr><tr><td>Georg Fischer<\/td><td>PF Plasson<\/td><td>Velconic<\/td><\/tr><tr><td>Georges Renault<\/td><td>Phoneix Contact<\/td><td>Vouk<\/td><\/tr><tr><td>Hauser<\/td><td>Picanol<\/td><td>Yamazaki Mazak<\/td><\/tr><tr><td>Hurner<\/td><td>Quaser<\/td><td>Yaskawa&nbsp;<\/td><\/tr><tr><td>H\u00fcrner<\/td><td>Rieter<\/td><td>Zellweger Uster<\/td><\/tr><tr><td>Ingolstadt<\/td><td>Fanuc<\/td><td>Zinser<\/td><\/tr><tr><td>Keb<\/td><td>Sanyo<\/td><td>Zweigle&nbsp;<\/td><\/tr><tr><td>Raymarine<\/td><td>&nbsp;<\/td><td>Gerber<\/td><\/tr><tr><td>Herrmann<\/td><td>&nbsp;<\/td><td>Barma<\/td><\/tr><\/tbody><\/table><\/figure>\n\n\n\n<p>Listede olmayan bir\u00e7ok markan\u0131n elektronik kart ve cihazlar\u0131n\u0131 onar\u0131m\u0131n\u0131 ve bak\u0131m\u0131n\u0131 yapmaktay\u0131z.<\/p>\n<\/div>\n","protected":false},"excerpt":{"rendered":"<p>Onard\u0131\u011f\u0131m\u0131z Baz\u0131 Markalar ; Allen Breadley Kuhnke Rockwell Automation Amano Kumatronik Ropex AMK Lenze Roweld Rofuse Awea Loepfe Savio Baum\u00fcller [&hellip;]<\/p>\n","protected":false},"author":1,"featured_media":0,"parent":0,"menu_order":0,"comment_status":"closed","ping_status":"closed","template":"","meta":{"site-sidebar-layout":"default","site-content-layout":"","ast-site-content-layout":"default","site-content-style":"default","site-sidebar-style":"default","ast-global-header-display":"","ast-banner-title-visibility":"","ast-main-header-display":"","ast-hfb-above-header-display":"","ast-hfb-below-header-display":"","ast-hfb-mobile-header-display":"","site-post-title":"disabled","ast-breadcrumbs-content":"","ast-featured-img":"","footer-sml-layout":"","ast-disable-related-posts":"","theme-transparent-header-meta":"","adv-header-id-meta":"","stick-header-meta":"","header-above-stick-meta":"","header-main-stick-meta":"","header-below-stick-meta":"","astra-migrate-meta-layouts":"default","ast-page-background-enabled":"default","ast-page-background-meta":{"desktop":{"background-color":"var(--ast-global-color-4)","background-image":"","background-repeat":"repeat","background-position":"center center","background-size":"auto","background-attachment":"scroll","background-type":"","background-media":"","overlay-type":"","overlay-color":"","overlay-opacity":"","overlay-gradient":""},"tablet":{"background-color":"","background-image":"","background-repeat":"repeat","background-position":"center center","background-size":"auto","background-attachment":"scroll","background-type":"","background-media":"","overlay-type":"","overlay-color":"","overlay-opacity":"","overlay-gradient":""},"mobile":{"background-color":"","background-image":"","background-repeat":"repeat","background-position":"center center","background-size":"auto","background-attachment":"scroll","background-type":"","background-media":"","overlay-type":"","overlay-color":"","overlay-opacity":"","overlay-gradient":""}},"ast-content-background-meta":{"desktop":{"background-color":"var(--ast-global-color-5)","background-image":"","background-repeat":"repeat","background-position":"center center","background-size":"auto","background-attachment":"scroll","background-type":"","background-media":"","overlay-type":"","overlay-color":"","overlay-opacity":"","overlay-gradient":""},"tablet":{"background-color":"var(--ast-global-color-5)","background-image":"","background-repeat":"repeat","background-position":"center center","background-size":"auto","background-attachment":"scroll","background-type":"","background-media":"","overlay-type":"","overlay-color":"","overlay-opacity":"","overlay-gradient":""},"mobile":{"background-color":"var(--ast-global-color-5)","background-image":"","background-repeat":"repeat","background-position":"center center","background-size":"auto","background-attachment":"scroll","background-type":"","background-media":"","overlay-type":"","overlay-color":"","overlay-opacity":"","overlay-gradient":""}},"footnotes":""},"class_list":["post-73","page","type-page","status-publish","hentry"],"_links":{"self":[{"href":"https:\/\/bilirelektronik.com\/index.php\/wp-json\/wp\/v2\/pages\/73","targetHints":{"allow":["GET"]}}],"collection":[{"href":"https:\/\/bilirelektronik.com\/index.php\/wp-json\/wp\/v2\/pages"}],"about":[{"href":"https:\/\/bilirelektronik.com\/index.php\/wp-json\/wp\/v2\/types\/page"}],"author":[{"embeddable":true,"href":"https:\/\/bilirelektronik.com\/index.php\/wp-json\/wp\/v2\/users\/1"}],"replies":[{"embeddable":true,"href":"https:\/\/bilirelektronik.com\/index.php\/wp-json\/wp\/v2\/comments?post=73"}],"version-history":[{"count":4,"href":"https:\/\/bilirelektronik.com\/index.php\/wp-json\/wp\/v2\/pages\/73\/revisions"}],"predecessor-version":[{"id":116,"href":"https:\/\/bilirelektronik.com\/index.php\/wp-json\/wp\/v2\/pages\/73\/revisions\/116"}],"wp:attachment":[{"href":"https:\/\/bilirelektronik.com\/index.php\/wp-json\/wp\/v2\/media?parent=73"}],"curies":[{"name":"wp","href":"https:\/\/api.w.org\/{rel}","templated":true}]}}