{"id":18,"date":"2024-02-05T16:46:36","date_gmt":"2024-02-05T13:46:36","guid":{"rendered":"https:\/\/bilirelektronik.com\/?page_id=18"},"modified":"2024-02-06T13:49:53","modified_gmt":"2024-02-06T10:49:53","slug":"hakkimizda","status":"publish","type":"page","link":"https:\/\/bilirelektronik.com\/index.php\/hakkimizda\/","title":{"rendered":"Hakk\u0131m\u0131zda"},"content":{"rendered":"\n<div class=\"wp-block-cover alignfull\" style=\"min-height:261px;aspect-ratio:unset;\"><span aria-hidden=\"true\" class=\"wp-block-cover__background has-background-dim\"><\/span><img loading=\"lazy\" decoding=\"async\" width=\"2560\" height=\"1706\" class=\"wp-block-cover__image-background wp-image-58\" alt=\"\" src=\"https:\/\/bilirelektronik.com\/wp-content\/uploads\/2024\/02\/pexels-cottonbro-studio-4709369-1-scaled.jpg\" style=\"object-position:46% 2%\" data-object-fit=\"cover\" data-object-position=\"46% 2%\" srcset=\"https:\/\/bilirelektronik.com\/wp-content\/uploads\/2024\/02\/pexels-cottonbro-studio-4709369-1-scaled.jpg 2560w, https:\/\/bilirelektronik.com\/wp-content\/uploads\/2024\/02\/pexels-cottonbro-studio-4709369-1-300x200.jpg 300w, https:\/\/bilirelektronik.com\/wp-content\/uploads\/2024\/02\/pexels-cottonbro-studio-4709369-1-1024x683.jpg 1024w, https:\/\/bilirelektronik.com\/wp-content\/uploads\/2024\/02\/pexels-cottonbro-studio-4709369-1-768x512.jpg 768w, https:\/\/bilirelektronik.com\/wp-content\/uploads\/2024\/02\/pexels-cottonbro-studio-4709369-1-1536x1024.jpg 1536w, https:\/\/bilirelektronik.com\/wp-content\/uploads\/2024\/02\/pexels-cottonbro-studio-4709369-1-2048x1365.jpg 2048w\" sizes=\"auto, (max-width: 2560px) 100vw, 2560px\" \/><div class=\"wp-block-cover__inner-container is-layout-constrained wp-block-cover-is-layout-constrained\">\n<p class=\"has-text-align-center has-x-large-font-size\" style=\"margin-top:0;margin-right:0;margin-bottom:0;margin-left:0;padding-top:0;padding-right:0;padding-bottom:0;padding-left:0\">HAKKIMIZDA<\/p>\n<\/div><\/div>\n\n\n\n<hr class=\"wp-block-separator has-alpha-channel-opacity\"\/>\n\n\n\n<h4 class=\"wp-block-heading\">&#8220;Bilir Elektronik End\u00fcstriyel Elektronik Kart Onar\u0131m Servisi&#8221;<\/h4>\n\n\n\n<blockquote class=\"wp-block-quote is-layout-flow wp-block-quote-is-layout-flow\">\n<p>2009 y\u0131l\u0131nda End\u00fcstriyel elektronik sistemler ve bu sistemlere ait elektronik kartlar\u0131n onar\u0131mlar\u0131,elektronik komponent (entegre, diyot, role, diren\u00e7, kondansat\u00f6r, mosfet, transist\u00f6r, vb.), elektronik sarf malzeme, elektrik malzemeleri, fabrika elektri\u011fi ve elektroni\u011fi, konusunda \u00e7al\u0131\u015fmalar\u0131na OSMAN\u0130YE&#8217;de siz de\u011ferli m\u00fc\u015fterilerimize hizmet vermeye ba\u015flam\u0131\u015ft\u0131r. Sistem, makina ve cihazlar\u0131n\u0131z\u0131n elektronik kart ve mod\u00fcllerinde meydana gelen ar\u0131zalar\u0131n tespitini ve ar\u0131zalar\u0131n giderilmesini orijinal \u00fcreticisinden \u00e7ok daha k\u0131sa s\u00fcrede ve \u00e7ok daha ekonomik \u015fartlarda sa\u011fl\u0131yoruz. Onar\u0131mdaki cihazlar i\u00e7in gerekli olabilecek malzemeler stoklar\u0131m\u0131zda tutulmaktad\u0131r. Stoklar\u0131m\u0131zda bulunmayan malzemeler acil durumlarda 7 i\u015f g\u00fcn\u00fc i\u00e7erisinde yurtd\u0131\u015f\u0131ndan temin edilebilmektedir.<\/p>\n<\/blockquote>\n\n\n\n<hr class=\"wp-block-separator has-alpha-channel-opacity\"\/>\n","protected":false},"excerpt":{"rendered":"<p>&#8220;Bilir Elektronik End\u00fcstriyel Elektronik Kart Onar\u0131m Servisi&#8221; 2009 y\u0131l\u0131nda End\u00fcstriyel elektronik sistemler ve bu sistemlere ait elektronik kartlar\u0131n onar\u0131mlar\u0131,elektronik komponent [&hellip;]<\/p>\n","protected":false},"author":1,"featured_media":0,"parent":0,"menu_order":0,"comment_status":"closed","ping_status":"closed","template":"","meta":{"site-sidebar-layout":"default","site-content-layout":"","ast-site-content-layout":"default","site-content-style":"default","site-sidebar-style":"default","ast-global-header-display":"","ast-banner-title-visibility":"","ast-main-header-display":"","ast-hfb-above-header-display":"","ast-hfb-below-header-display":"","ast-hfb-mobile-header-display":"","site-post-title":"disabled","ast-breadcrumbs-content":"","ast-featured-img":"","footer-sml-layout":"","ast-disable-related-posts":"","theme-transparent-header-meta":"","adv-header-id-meta":"","stick-header-meta":"","header-above-stick-meta":"","header-main-stick-meta":"","header-below-stick-meta":"","astra-migrate-meta-layouts":"default","ast-page-background-enabled":"default","ast-page-background-meta":{"desktop":{"background-color":"var(--ast-global-color-4)","background-image":"","background-repeat":"repeat","background-position":"center center","background-size":"auto","background-attachment":"scroll","background-type":"","background-media":"","overlay-type":"","overlay-color":"","overlay-opacity":"","overlay-gradient":""},"tablet":{"background-color":"","background-image":"","background-repeat":"repeat","background-position":"center center","background-size":"auto","background-attachment":"scroll","background-type":"","background-media":"","overlay-type":"","overlay-color":"","overlay-opacity":"","overlay-gradient":""},"mobile":{"background-color":"","background-image":"","background-repeat":"repeat","background-position":"center center","background-size":"auto","background-attachment":"scroll","background-type":"","background-media":"","overlay-type":"","overlay-color":"","overlay-opacity":"","overlay-gradient":""}},"ast-content-background-meta":{"desktop":{"background-color":"var(--ast-global-color-5)","background-image":"","background-repeat":"repeat","background-position":"center center","background-size":"auto","background-attachment":"scroll","background-type":"","background-media":"","overlay-type":"","overlay-color":"","overlay-opacity":"","overlay-gradient":""},"tablet":{"background-color":"var(--ast-global-color-5)","background-image":"","background-repeat":"repeat","background-position":"center center","background-size":"auto","background-attachment":"scroll","background-type":"","background-media":"","overlay-type":"","overlay-color":"","overlay-opacity":"","overlay-gradient":""},"mobile":{"background-color":"var(--ast-global-color-5)","background-image":"","background-repeat":"repeat","background-position":"center center","background-size":"auto","background-attachment":"scroll","background-type":"","background-media":"","overlay-type":"","overlay-color":"","overlay-opacity":"","overlay-gradient":""}},"footnotes":""},"class_list":["post-18","page","type-page","status-publish","hentry"],"_links":{"self":[{"href":"https:\/\/bilirelektronik.com\/index.php\/wp-json\/wp\/v2\/pages\/18","targetHints":{"allow":["GET"]}}],"collection":[{"href":"https:\/\/bilirelektronik.com\/index.php\/wp-json\/wp\/v2\/pages"}],"about":[{"href":"https:\/\/bilirelektronik.com\/index.php\/wp-json\/wp\/v2\/types\/page"}],"author":[{"embeddable":true,"href":"https:\/\/bilirelektronik.com\/index.php\/wp-json\/wp\/v2\/users\/1"}],"replies":[{"embeddable":true,"href":"https:\/\/bilirelektronik.com\/index.php\/wp-json\/wp\/v2\/comments?post=18"}],"version-history":[{"count":8,"href":"https:\/\/bilirelektronik.com\/index.php\/wp-json\/wp\/v2\/pages\/18\/revisions"}],"predecessor-version":[{"id":118,"href":"https:\/\/bilirelektronik.com\/index.php\/wp-json\/wp\/v2\/pages\/18\/revisions\/118"}],"wp:attachment":[{"href":"https:\/\/bilirelektronik.com\/index.php\/wp-json\/wp\/v2\/media?parent=18"}],"curies":[{"name":"wp","href":"https:\/\/api.w.org\/{rel}","templated":true}]}}